{"id":16386,"date":"2024-09-12T12:32:31","date_gmt":"2024-09-12T10:32:31","guid":{"rendered":"https:\/\/www.effinity.fr\/inicio-2\/"},"modified":"2025-04-30T13:34:57","modified_gmt":"2025-04-30T11:34:57","slug":"inicio-2","status":"publish","type":"page","link":"https:\/\/www.effinity.fr\/es\/inicio-2\/","title":{"rendered":"Inicio"},"content":{"rendered":"<p><div class=\"fusion-fullwidth fullwidth-box fusion-builder-row-1 fusion-flex-container has-pattern-background has-mask-background nonhundred-percent-fullwidth non-hundred-percent-height-scrolling\" style=\"--awb-border-radius-top-left:0px;--awb-border-radius-top-right:0px;--awb-border-radius-bottom-right:0px;--awb-border-radius-bottom-left:0px;--awb-padding-top:70px;--awb-flex-wrap:wrap;\" ><div class=\"fusion-builder-row fusion-row fusion-flex-align-items-flex-start fusion-flex-content-wrap\" style=\"max-width:1248px;margin-left: calc(-4% \/ 2 );margin-right: calc(-4% \/ 2 );\"><div class=\"fusion-layout-column fusion_builder_column fusion-builder-column-0 fusion_builder_column_1_1 1_1 fusion-flex-column\" style=\"--awb-bg-size:cover;--awb-width-large:100%;--awb-margin-top-large:0px;--awb-spacing-right-large:1.92%;--awb-margin-bottom-large:20px;--awb-spacing-left-large:1.92%;--awb-width-medium:100%;--awb-order-medium:0;--awb-spacing-right-medium:1.92%;--awb-spacing-left-medium:1.92%;--awb-width-small:100%;--awb-order-small:0;--awb-spacing-right-small:1.92%;--awb-spacing-left-small:1.92%;\"><div class=\"fusion-column-wrapper fusion-column-has-shadow fusion-flex-justify-content-flex-start fusion-content-layout-column\"><div class=\"fusion-title title fusion-title-1 fusion-sep-none fusion-title-center fusion-title-text fusion-title-size-one\" style=\"--awb-margin-top-small:10px;--awb-margin-right-small:0px;--awb-margin-bottom-small:10px;--awb-margin-left-small:0px;--awb-font-size:40px;\"><h1 class=\"fusion-title-heading title-heading-center fusion-responsive-typography-calculated\" style=\"margin:0;font-size:1em;--fontSize:40;line-height:var(--awb-typography1-line-height);\">\u00bfY si empezamos a trabajar juntos?<\/h1><\/div><div class=\"fusion-text fusion-text-1 fusion-text-no-margin\" style=\"--awb-font-size:20px;--awb-margin-top:20px;--awb-margin-right:25px;--awb-margin-bottom:20px;--awb-margin-left:25px;\"><p style=\"text-align: center;\">\u00bfNo sabe por d\u00f3nde empezar? Entonces intente reconocerse en una de las categor\u00edas siguientes. S\u00f3lo tiene que hacer clic en un bot\u00f3n para pasar al siguiente paso.  <\/p>\n<\/div><\/div><\/div><\/div><\/div><div class=\"fusion-fullwidth fullwidth-box fusion-builder-row-2 fusion-flex-container has-pattern-background has-mask-background nonhundred-percent-fullwidth non-hundred-percent-height-scrolling\" style=\"--link_color: var(--awb-color2);--awb-border-radius-top-left:0px;--awb-border-radius-top-right:0px;--awb-border-radius-bottom-right:0px;--awb-border-radius-bottom-left:0px;--awb-flex-wrap:wrap;\" ><div class=\"fusion-builder-row fusion-row fusion-flex-align-items-flex-start fusion-flex-content-wrap\" style=\"max-width:1248px;margin-left: calc(-4% \/ 2 );margin-right: calc(-4% \/ 2 );\"><div class=\"fusion-layout-column fusion_builder_column fusion-builder-column-1 fusion_builder_column_1_3 1_3 fusion-flex-column\" style=\"--awb-padding-top:30px;--awb-padding-right:15px;--awb-padding-bottom:30px;--awb-padding-left:15px;--awb-bg-color:var(--awb-color5);--awb-bg-color-hover:var(--awb-color5);--awb-bg-size:cover;--awb-width-large:33.333333333333%;--awb-margin-top-large:0px;--awb-spacing-right-large:5.76%;--awb-margin-bottom-large:20px;--awb-spacing-left-large:5.76%;--awb-width-medium:33.333333333333%;--awb-order-medium:0;--awb-spacing-right-medium:5.76%;--awb-spacing-left-medium:5.76%;--awb-width-small:100%;--awb-order-small:0;--awb-spacing-right-small:1.92%;--awb-spacing-left-small:1.92%;\" data-scroll-devices=\"small-visibility,medium-visibility,large-visibility\"><div class=\"fusion-column-wrapper fusion-column-has-shadow fusion-flex-justify-content-flex-start fusion-content-layout-column\"><div style=\"text-align:center;\"><a class=\"fusion-button button-flat button-xlarge button-custom fusion-button-default button-1 fusion-button-default-span fusion-button-default-type fusion-has-button-gradient\" style=\"--button_accent_color:var(--awb-color1);--button_accent_hover_color:var(--awb-color1);--button_border_hover_color:rgba(255,255,255,0);--button-border-radius-top-left:10px;--button-border-radius-top-right:10px;--button-border-radius-bottom-right:10px;--button-border-radius-bottom-left:10px;--button_gradient_top_color:#5312f8;--button_gradient_bottom_color:var(--awb-color2);--button_gradient_top_color_hover:var(--awb-color2);--button_gradient_bottom_color_hover:var(--awb-color2);--button_text_transform:uppercase;\" target=\"_self\"><span class=\"fusion-button-text awb-button__text awb-button__text--default\">\u00bfEs usted editor?<\/span><\/a><\/div><div class=\"fusion-text fusion-text-2\" style=\"--awb-font-size:20px;--awb-margin-top:20px;--awb-margin-right:10px;--awb-margin-left:10px;\"><p style=\"text-align: center;\"><strong>Podemos ayudarle a rentabilizar su negocio.<\/strong><\/p>\n<\/div><div style=\"text-align:center;\"><a class=\"fusion-button button-flat fusion-button-default-size button-custom fusion-button-default button-2 fusion-button-default-span fusion-button-default-type link-obfuscated\" style=\"--button_accent_color:var(--awb-color2);--button_border_color:var(--awb-color2);--button_accent_hover_color:var(--awb-color1);--button_border_hover_color:var(--awb-color2);--button_gradient_top_color:var(--awb-color1);--button_gradient_bottom_color:var(--awb-color1);--button_gradient_top_color_hover:var(--awb-color2);--button_gradient_bottom_color_hover:var(--awb-color2);\" target=\"_blank\" rel=\"noopener noreferrer\" data-obfuscated-link=\"aHR0cHM6Ly9wdWJsaXNoZXIuZWZmaW5pdHkuZnIvcHVibGlzaGVyLWNlbnRlci9zaWduL3VwLzE=\"><span class=\"fusion-button-text awb-button__text awb-button__text--default\">Deseo inscribirme<\/span><\/a><\/div><ul style=\"--awb-margin-top:40px;--awb-margin-right:10px;--awb-margin-left:10px;--awb-line-height:27.2px;--awb-icon-width:27.2px;--awb-icon-height:27.2px;--awb-icon-margin:11.2px;--awb-content-margin:38.4px;--awb-circlecolor:#5212f8;--awb-circle-yes-font-size:14.08px;\" class=\"fusion-checklist fusion-checklist-1 fusion-checklist-default type-icons\"><li class=\"fusion-li-item\" style=\"\"><span class=\"icon-wrapper circle-yes\"><i class=\"fusion-li-icon awb-icon-check\" aria-hidden=\"true\"><\/i><\/span><div class=\"fusion-li-item-content\">\n<p>Eres un influencer o creador de contenidos y quieres promocionar en tus redes productos o marcas que puedan interesar a tu audiencia.<\/p>\n<\/div><\/li><li class=\"fusion-li-item\" style=\"\"><span class=\"icon-wrapper circle-yes\"><i class=\"fusion-li-icon awb-icon-check\" aria-hidden=\"true\"><\/i><\/span><div class=\"fusion-li-item-content\">\n<p>Eres editor y ofreces contenidos o servicios, tienes un papel de prescriptor para las audiencias que te siguen<\/p>\n<\/div><\/li><li class=\"fusion-li-item\" style=\"\"><span class=\"icon-wrapper circle-yes\"><i class=\"fusion-li-icon awb-icon-check\" aria-hidden=\"true\"><\/i><\/span><div class=\"fusion-li-item-content\">\n<p>Usted ofrece un servicio o una tecnolog\u00eda que mejora la experiencia del consumidor y ayuda a los anunciantes a captar o fidelizar m\u00e1s clientes.<\/p>\n<\/div><\/li><\/ul><div class=\"fusion-text fusion-text-3\" style=\"--awb-font-size:20px;--awb-margin-top:20px;\"><p style=\"text-align: center;\">As\u00ed que tiene motivos de sobra para unirse a nosotros.<\/p>\n<\/div><div style=\"text-align:center;\"><a class=\"fusion-button button-flat fusion-button-default-size button-custom fusion-button-default button-3 fusion-button-default-span fusion-button-default-type link-obfuscated\" style=\"--button_accent_color:var(--awb-color2);--button_border_color:var(--awb-color2);--button_accent_hover_color:var(--awb-color1);--button_border_hover_color:var(--awb-color2);--button_gradient_top_color:var(--awb-color1);--button_gradient_bottom_color:var(--awb-color1);--button_gradient_top_color_hover:var(--awb-color2);--button_gradient_bottom_color_hover:var(--awb-color2);\" target=\"_blank\" rel=\"noopener noreferrer\" data-obfuscated-link=\"aHR0cHM6Ly9wdWJsaXNoZXIuZWZmaW5pdHkuZnIvcHVibGlzaGVyLWNlbnRlci9zaWduL3VwLzE=\"><span class=\"fusion-button-text awb-button__text awb-button__text--default\">Deseo inscribirme<\/span><\/a><\/div><div class=\"fusion-text fusion-text-4\" style=\"--awb-margin-top:30px;\"><p style=\"text-align: center;\">Si ya est\u00e1 registrado como socio en nuestra plataforma, <a class=\"link-obfuscated\"  ><span data-obfuscated-link=\"aHR0cHM6Ly9zc28uZWZmaW5pdHkuZnIvYXV0aC9zaWduL2VmZmluaXR5\">inicie sesi\u00f3n <\/span><\/a>.<\/p>\n<\/div><\/div><\/div><div class=\"fusion-layout-column fusion_builder_column fusion-builder-column-2 fusion_builder_column_1_3 1_3 fusion-flex-column\" style=\"--awb-padding-top:30px;--awb-padding-right:15px;--awb-padding-bottom:30px;--awb-padding-left:15px;--awb-bg-color:var(--awb-color5);--awb-bg-color-hover:var(--awb-color5);--awb-bg-size:cover;--awb-width-large:33.333333333333%;--awb-margin-top-large:0px;--awb-spacing-right-large:5.76%;--awb-margin-bottom-large:20px;--awb-spacing-left-large:5.76%;--awb-width-medium:33.333333333333%;--awb-order-medium:0;--awb-spacing-right-medium:5.76%;--awb-spacing-left-medium:5.76%;--awb-width-small:100%;--awb-order-small:0;--awb-spacing-right-small:1.92%;--awb-spacing-left-small:1.92%;\" data-scroll-devices=\"small-visibility,medium-visibility,large-visibility\"><div class=\"fusion-column-wrapper fusion-column-has-shadow fusion-flex-justify-content-flex-start fusion-content-layout-column\"><div style=\"text-align:center;\"><a class=\"fusion-button button-flat button-xlarge button-custom fusion-button-default button-4 fusion-button-default-span fusion-button-default-type\" style=\"--button_accent_color:var(--awb-color1);--button_accent_hover_color:var(--awb-color1);--button_border_hover_color:rgba(255,255,255,0);--button-border-radius-top-left:10px;--button-border-radius-top-right:10px;--button-border-radius-bottom-right:10px;--button-border-radius-bottom-left:10px;--button_gradient_top_color:var(--awb-color3);--button_gradient_bottom_color:var(--awb-color3);--button_gradient_top_color_hover:var(--awb-color3);--button_gradient_bottom_color_hover:var(--awb-color3);--button_text_transform:uppercase;\" target=\"_self\"><span class=\"fusion-button-text awb-button__text awb-button__text--default\">\u00bfEs usted anunciante?<\/span><\/a><\/div><div class=\"fusion-text fusion-text-5\" style=\"--awb-font-size:20px;--awb-margin-top:20px;--awb-margin-right:10px;--awb-margin-left:10px;\"><p style=\"text-align: center;\"><strong>Podemos ayudarle a desarrollar su negocio.<\/strong><\/p>\n<\/div><div style=\"text-align:center;\"><a class=\"fusion-button button-flat fusion-button-default-size button-custom fusion-button-default button-5 fusion-button-default-span fusion-button-default-type link-obfuscated\" style=\"--button_accent_color:var(--awb-color3);--button_border_color:var(--awb-color3);--button_accent_hover_color:var(--awb-color1);--button_border_hover_color:var(--awb-color3);--button_gradient_top_color:var(--awb-color1);--button_gradient_bottom_color:var(--awb-color1);--button_gradient_top_color_hover:var(--awb-color3);--button_gradient_bottom_color_hover:var(--awb-color3);\" target=\"_self\" data-obfuscated-link=\"aHR0cHM6Ly93d3cuZWZmaW5pdHkuZnIvZXMvcG9uZ2FzZS1lbi1jb250YWN0by1jb24v\"><span class=\"fusion-button-text awb-button__text awb-button__text--default\">P\u00f3ngase en contacto<\/span><\/a><\/div><ul style=\"--awb-margin-top:40px;--awb-margin-right:10px;--awb-margin-left:10px;--awb-line-height:27.2px;--awb-icon-width:27.2px;--awb-icon-height:27.2px;--awb-icon-margin:11.2px;--awb-content-margin:38.4px;--awb-circlecolor:var(--awb-color3);--awb-circle-yes-font-size:14.08px;\" class=\"fusion-checklist fusion-checklist-2 fusion-checklist-default type-icons\"><li class=\"fusion-li-item\" style=\"\"><span class=\"icon-wrapper circle-yes\"><i class=\"fusion-li-icon awb-icon-check\" aria-hidden=\"true\"><\/i><\/span><div class=\"fusion-li-item-content\">\n<p>\u00bfEs usted un minorista que busca rodearse de una red de socios diversificada (afiliaci\u00f3n e influencia) para aumentar su visibilidad, tr\u00e1fico y conversiones en su sitio comercial?<\/p>\n<\/div><\/li><li class=\"fusion-li-item\" style=\"\"><span class=\"icon-wrapper circle-yes\"><i class=\"fusion-li-icon awb-icon-check\" aria-hidden=\"true\"><\/i><\/span><div class=\"fusion-li-item-content\">\n<p>\u00bfEs usted una empresa de servicios que busca generar contactos B2C o B2B para sus equipos de ventas o crear una base de datos de contactos de primera mano?<\/p>\n<\/div><\/li><li class=\"fusion-li-item\" style=\"\"><span class=\"icon-wrapper circle-yes\"><i class=\"fusion-li-icon awb-icon-check\" aria-hidden=\"true\"><\/i><\/span><div class=\"fusion-li-item-content\">\n<p>\u00bfLe gustar\u00eda lanzar campa\u00f1as publicitarias para desarrollar la notoriedad de su marca y las conversiones en buscadores, redes sociales, plataformas de entretenimiento, etc.?<\/p>\n<\/div><\/li><\/ul><div class=\"fusion-text fusion-text-6\" style=\"--awb-font-size:20px;--awb-margin-top:20px;\"><p style=\"text-align: center;\">As\u00ed que tiene motivos de sobra para unirse a nosotros.<\/p>\n<\/div><div style=\"text-align:center;\"><a class=\"fusion-button button-flat fusion-button-default-size button-custom fusion-button-default button-6 fusion-button-default-span fusion-button-default-type link-obfuscated\" style=\"--button_accent_color:var(--awb-color3);--button_border_color:var(--awb-color3);--button_accent_hover_color:var(--awb-color1);--button_border_hover_color:var(--awb-color3);--button_gradient_top_color:var(--awb-color1);--button_gradient_bottom_color:var(--awb-color1);--button_gradient_top_color_hover:var(--awb-color3);--button_gradient_bottom_color_hover:var(--awb-color3);\" target=\"_self\" data-obfuscated-link=\"aHR0cHM6Ly93d3cuZWZmaW5pdHkuZnIvZXMvcG9uZ2FzZS1lbi1jb250YWN0by1jb24v\"><span class=\"fusion-button-text awb-button__text awb-button__text--default\">P\u00f3ngase en contacto<\/span><\/a><\/div><div class=\"fusion-text fusion-text-7\" style=\"--awb-margin-top:30px;\"><p style=\"text-align: center;\">Si usted es un anunciante ya registrado en nuestra plataforma, \u00a1por favor <a class=\"link-obfuscated\"  ><span data-obfuscated-link=\"aHR0cHM6Ly9zc28uZWZmaW5pdHkuZnIvYXV0aC9zaWduL2VmZmluaXR5\">con\u00e9ctese<\/span><\/a>!<\/p>\n<\/div><\/div><\/div><div class=\"fusion-layout-column fusion_builder_column fusion-builder-column-3 fusion_builder_column_1_3 1_3 fusion-flex-column\" style=\"--awb-padding-top:30px;--awb-padding-right:15px;--awb-padding-bottom:30px;--awb-padding-left:15px;--awb-bg-color:var(--awb-color5);--awb-bg-color-hover:var(--awb-color5);--awb-bg-size:cover;--awb-width-large:33.333333333333%;--awb-margin-top-large:0px;--awb-spacing-right-large:5.76%;--awb-margin-bottom-large:20px;--awb-spacing-left-large:5.76%;--awb-width-medium:33.333333333333%;--awb-order-medium:0;--awb-spacing-right-medium:5.76%;--awb-spacing-left-medium:5.76%;--awb-width-small:100%;--awb-order-small:0;--awb-spacing-right-small:1.92%;--awb-spacing-left-small:1.92%;\" data-scroll-devices=\"small-visibility,medium-visibility,large-visibility\"><div class=\"fusion-column-wrapper fusion-column-has-shadow fusion-flex-justify-content-flex-start fusion-content-layout-column\"><div style=\"text-align:center;\"><a class=\"fusion-button button-flat button-xlarge button-custom fusion-button-default button-7 fusion-button-default-span fusion-button-default-type\" style=\"--button_accent_color:var(--awb-color1);--button_accent_hover_color:var(--awb-color1);--button_border_hover_color:rgba(255,255,255,0);--button-border-radius-top-left:10px;--button-border-radius-top-right:10px;--button-border-radius-bottom-right:10px;--button-border-radius-bottom-left:10px;--button_gradient_top_color:#4fef04;--button_gradient_bottom_color:#4fef04;--button_gradient_top_color_hover:#4fef04;--button_gradient_bottom_color_hover:#4fef04;--button_text_transform:uppercase;\" target=\"_self\"><span class=\"fusion-button-text awb-button__text awb-button__text--default\">\u00bfEs usted una agencia?<\/span><\/a><\/div><div class=\"fusion-text fusion-text-8\" style=\"--awb-font-size:20px;--awb-margin-top:20px;--awb-margin-right:10px;--awb-margin-left:10px;\"><p style=\"text-align: center;\"><strong>Podemos ayudarle a elaborar una oferta de afiliaci\u00f3n.<\/strong><\/p>\n<\/div><div style=\"text-align:center;\"><a class=\"fusion-button button-flat fusion-button-default-size button-custom fusion-button-default button-8 fusion-button-default-span fusion-button-default-type link-obfuscated\" style=\"--button_accent_color:#4fef04;--button_border_color:#4fef04;--button_accent_hover_color:var(--awb-color1);--button_border_hover_color:#4fef04;--button_gradient_top_color:var(--awb-color1);--button_gradient_bottom_color:var(--awb-color1);--button_gradient_top_color_hover:#4fef04;--button_gradient_bottom_color_hover:#4fef04;\" target=\"_self\" data-obfuscated-link=\"aHR0cHM6Ly93d3cuZWZmaW5pdHkuZnIvZXMvcG9uZ2FzZS1lbi1jb250YWN0by1jb24v\"><span class=\"fusion-button-text awb-button__text awb-button__text--default\">P\u00f3ngase en contacto<\/span><\/a><\/div><ul style=\"--awb-margin-top:40px;--awb-margin-right:10px;--awb-margin-left:10px;--awb-line-height:27.2px;--awb-icon-width:27.2px;--awb-icon-height:27.2px;--awb-icon-margin:11.2px;--awb-content-margin:38.4px;--awb-circlecolor:#4fef04;--awb-circle-yes-font-size:14.08px;\" class=\"fusion-checklist fusion-checklist-3 fusion-checklist-default type-icons\"><li class=\"fusion-li-item\" style=\"\"><span class=\"icon-wrapper circle-yes\"><i class=\"fusion-li-icon awb-icon-check\" aria-hidden=\"true\"><\/i><\/span><div class=\"fusion-li-item-content\">Desea formar a sus equipos en los fundamentos de la afiliaci\u00f3n y beneficiarse del apoyo de nuestros expertos en la aplicaci\u00f3n de las mejores pr\u00e1cticas para sus clientes.<\/div><\/li><li class=\"fusion-li-item\" style=\"\"><span class=\"icon-wrapper circle-yes\"><i class=\"fusion-li-icon awb-icon-check\" aria-hidden=\"true\"><\/i><\/span><div class=\"fusion-li-item-content\">\n<p>Desea acceder f\u00e1cilmente a herramientas de gesti\u00f3n de alto rendimiento y a tracking para poner en marcha y gestionar las campa\u00f1as de afiliaci\u00f3n de sus clientes.<\/p>\n<\/div><\/li><li class=\"fusion-li-item\" style=\"\"><span class=\"icon-wrapper circle-yes\"><i class=\"fusion-li-icon awb-icon-check\" aria-hidden=\"true\"><\/i><\/span><div class=\"fusion-li-item-content\">\n<p>Desea tener acceso a una red diversificada de socios para cumplir todos los objetivos de sus clientes, ya sea mejorar su imagen, desarrollar sus ventas o generar clientes potenciales.<\/p>\n<\/div><\/li><\/ul><div class=\"fusion-text fusion-text-9\" style=\"--awb-font-size:20px;--awb-margin-top:20px;\"><p style=\"text-align: center;\">As\u00ed que tiene motivos de sobra para unirse a nosotros.<\/p>\n<\/div><div style=\"text-align:center;\"><a class=\"fusion-button button-flat fusion-button-default-size button-custom fusion-button-default button-9 fusion-button-default-span fusion-button-default-type link-obfuscated\" style=\"--button_accent_color:#4fef04;--button_border_color:#4fef04;--button_accent_hover_color:var(--awb-color1);--button_border_hover_color:#4fef04;--button_gradient_top_color:var(--awb-color1);--button_gradient_bottom_color:var(--awb-color1);--button_gradient_top_color_hover:#4fef04;--button_gradient_bottom_color_hover:#4fef04;\" target=\"_self\" data-obfuscated-link=\"aHR0cHM6Ly93d3cuZWZmaW5pdHkuZnIvZXMvcG9uZ2FzZS1lbi1jb250YWN0by1jb24v\"><span class=\"fusion-button-text awb-button__text awb-button__text--default\">P\u00f3ngase en contacto<\/span><\/a><\/div><\/div><\/div><\/div><\/div><\/p>\n","protected":false},"excerpt":{"rendered":"","protected":false},"author":3,"featured_media":0,"parent":0,"menu_order":0,"comment_status":"closed","ping_status":"closed","template":"100-width.php","meta":{"_acf_changed":false,"_lmt_disableupdate":"","_lmt_disable":"","footnotes":""},"class_list":["post-16386","page","type-page","status-publish","hentry"],"acf":[],"_links":{"self":[{"href":"https:\/\/www.effinity.fr\/es\/wp-json\/wp\/v2\/pages\/16386","targetHints":{"allow":["GET"]}}],"collection":[{"href":"https:\/\/www.effinity.fr\/es\/wp-json\/wp\/v2\/pages"}],"about":[{"href":"https:\/\/www.effinity.fr\/es\/wp-json\/wp\/v2\/types\/page"}],"author":[{"embeddable":true,"href":"https:\/\/www.effinity.fr\/es\/wp-json\/wp\/v2\/users\/3"}],"replies":[{"embeddable":true,"href":"https:\/\/www.effinity.fr\/es\/wp-json\/wp\/v2\/comments?post=16386"}],"version-history":[{"count":4,"href":"https:\/\/www.effinity.fr\/es\/wp-json\/wp\/v2\/pages\/16386\/revisions"}],"predecessor-version":[{"id":17521,"href":"https:\/\/www.effinity.fr\/es\/wp-json\/wp\/v2\/pages\/16386\/revisions\/17521"}],"wp:attachment":[{"href":"https:\/\/www.effinity.fr\/es\/wp-json\/wp\/v2\/media?parent=16386"}],"curies":[{"name":"wp","href":"https:\/\/api.w.org\/{rel}","templated":true}]}}