{"id":16329,"date":"2024-05-30T10:30:21","date_gmt":"2024-05-30T08:30:21","guid":{"rendered":"https:\/\/www.effinity.fr\/politica-de-privacidad\/"},"modified":"2024-05-30T10:30:21","modified_gmt":"2024-05-30T08:30:21","slug":"politica-de-privacidad","status":"publish","type":"page","link":"https:\/\/www.effinity.fr\/es\/politica-de-privacidad\/","title":{"rendered":"Pol\u00edtica de privacidad"},"content":{"rendered":"<h1><span style=\"font-size: 35px;\">Pol\u00edtica de privacidad<\/span><\/h1>\n<h2><span style=\"font-size: 25px;\">I. Per\u00edmetro<\/span><\/h2>\n<p>Los datos personales son cualquier informaci\u00f3n que nos permita identificarle y, de forma m\u00e1s general, cualquier informaci\u00f3n relativa a una persona f\u00edsica identificada o identificable directamente o mediante referencias cruzadas con otra informaci\u00f3n.<br \/>\nEn el marco de su actividad, EFFINITY (sociedad por acciones simplificada inscrita en el Registro Mercantil de Par\u00eds con el n\u00ba 432 831 550, con domicilio social en 85, rue Compans, 75019 Par\u00eds) recoge y trata datos personales sobre usted.<br \/>\nLa presente Pol\u00edtica de Privacidad detalla las condiciones de dicho tratamiento.<br \/>\nLa presente Pol\u00edtica de Privacidad se aplica a :<\/p>\n<ul>\n<li>personas que navegan por los sitios web de EFFINITY<\/li>\n<li>personas usuarias de los servicios de EFFINITY<\/li>\n<li>Personas que visitan los sitios web de los socios de EFFINITY y cuyos datos de navegaci\u00f3n son rastreados por EFFINITY.<\/li>\n<\/ul>\n<p>El tratamiento de sus datos personales es objeto de hojas de tratamiento que figuran en el registro de actividades de tratamiento de EFFINITY.<\/p>\n<h2><span style=\"font-size: 25px;\">II. Datos recogidos y objetivos <\/span><\/h2>\n<h3><span style=\"font-size: 20px;\">a. Datos recogidos de las personas que navegan por los sitios web de EFFINITY <\/span><\/h3>\n<p>EFFINITY recoge y trata los datos de las personas que visitan el siguiente sitio:<br \/>\n<a href=\"https:\/\/www.effinity.fr\">https:\/\/www.effinity.fr<\/a><\/p>\n<p>Act\u00faa entonces como responsable del tratamiento de datos en el sentido de la normativa.<br \/>\nEstos datos son confidenciales y est\u00e1n destinados exclusivamente a nuestra empresa.<\/p>\n<p><strong>i. Datos introducidos en los formularios de recogida <\/strong><br \/>\nTratamos los datos que usted nos facilita voluntariamente rellenando los formularios de recogida de nuestras p\u00e1ginas web.<br \/>\nEstos datos incluyen :<\/p>\n<ul>\n<li>datos de identificaci\u00f3n (apellidos, nombre)<\/li>\n<li>datos de contacto: n\u00famero de tel\u00e9fono, direcci\u00f3n de correo electr\u00f3nico, direcci\u00f3n profesional<\/li>\n<li>nombre de la empresa, cargo y direcci\u00f3n del sitio web<\/li>\n<\/ul>\n<p>Estos datos se utilizan para responder a sus solicitudes y, en particular, :<\/p>\n<ul>\n<li>descargar libros blancos u otra documentaci\u00f3n<\/li>\n<li>solicitud de demostraci\u00f3n<\/li>\n<li>solicitud de informaci\u00f3n<\/li>\n<li>suscribirse a un bolet\u00edn<\/li>\n<\/ul>\n<p>Los datos tambi\u00e9n se utilizan con fines administrativos e internos.<\/p>\n<p>Sus datos s\u00f3lo se utilizar\u00e1n con fines de prospecci\u00f3n comercial directa si ha dado su consentimiento expreso previo (marcando una casilla prevista a tal efecto al cumplimentar el formulario), o si lo autoriza la normativa aplicable (en particular el art\u00edculo L.34-5 al 4 del C\u00f3digo de Correos y Comunicaciones Electr\u00f3nicas franc\u00e9s).<\/p>\n<p><strong>ii. Cookies <\/strong><\/p>\n<p>Las cookies son archivos de texto que se colocan en su dispositivo (ordenador, tel\u00e9fono m\u00f3vil, tableta) cuando visita un sitio web. Registran informaci\u00f3n sobre su navegaci\u00f3n en el sitio. <\/p>\n<p>La informaci\u00f3n recogida autom\u00e1ticamente por las cookies incluye, en particular:<\/p>\n<ul>\n<li>Informaci\u00f3n relativa a su ordenador, su m\u00e9todo de conexi\u00f3n, como el tipo y la versi\u00f3n de su navegador web, su sistema operativo, el sistema operativo de su tel\u00e9fono m\u00f3vil o tableta, as\u00ed como el identificador \u00fanico de dispositivo (\u00abUDID\u00bb) y otros identificadores t\u00e9cnicos.<\/li>\n<li>La direcci\u00f3n URL de sus conexiones, incluidas la fecha y la hora, as\u00ed como el contenido al que accede.<\/li>\n<\/ul>\n<p><strong>1. Finalidad de las cookies utilizadas en nuestro sitio web.<\/strong><\/p>\n<p>Cookies de funcionamiento del sitio<\/p>\n<ul>\n<li>Las cookies son esenciales para utilizar el sitio. Le permiten navegar por el sitio y utilizar sus funciones esenciales (por ejemplo, el acceso a su espacio personal). <\/li>\n<li>cookies de personalizaci\u00f3n. Se utilizan para ofrecerle servicios o recordar sus preferencias y elecciones (por ejemplo, idioma, tama\u00f1o del texto) con el fin de mejorar su visita al sitio. <\/li>\n<\/ul>\n<p>Cookies de an\u00e1lisis y rendimiento del sitio web<\/p>\n<p>Los sitios web mencionados utilizan Google Analytics, un servicio de an\u00e1lisis web prestado por Google Inc (\u00abGoogle\u00bb).<br \/>\nLa informaci\u00f3n que genera la cookie acerca de su uso del website (incluyendo su direcci\u00f3n IP) ser\u00e1 directamente transmitida y archivada por Google en los servidores de Estados Unidos. Google usar\u00e1 esta informaci\u00f3n por cuenta nuestra con el prop\u00f3sito de seguir la pista de su uso del website, recopilando informes de la actividad del website y prestando otros servicios relacionados con la actividad del website y el uso de Internet. <\/p>\n<p>Google podr\u00e1 transmitir dicha informaci\u00f3n a terceros cuando as\u00ed se lo requiera la legislaci\u00f3n, o cuando dichos terceros procesen la informaci\u00f3n por cuenta de Google, incluyendo, en particular, el editor de este sitio web. Google no asociar\u00e1 su direcci\u00f3n IP con ning\u00fan otro dato del que disponga Google. <\/p>\n<p>Compartir cookies &#8211; cookies sociales<\/p>\n<p>Es probable que EFFINITY incluya en su sitio web aplicaciones inform\u00e1ticas de terceros, que le permiten compartir contenidos de nuestro sitio con otras personas o dar a conocer a estas otras personas su consulta o su opini\u00f3n sobre contenidos de nuestro sitio. Es el caso, en particular, de los botones \u00abCompartir\u00bb, \u00abRecomendar\u00bb, \u00abTweet\u00bb, etc. de redes sociales como \u00abFacebook\u00bb, \u00abTwitter\u00bb, \u00abLinkedIn\u00bb, \u00abViadeo\u00bb y \u00abGoogle +\u00bb.<br \/>\nEs probable que la red social que proporciona dicho bot\u00f3n de aplicaci\u00f3n le identifique gracias a este bot\u00f3n, aunque usted no lo haya utilizado al visitar nuestro sitio. De hecho, este tipo de bot\u00f3n de aplicaci\u00f3n puede permitir a la red social en cuesti\u00f3n seguir su navegaci\u00f3n en nuestro sitio, simplemente porque su cuenta en la red social en cuesti\u00f3n se activ\u00f3 en su terminal (sesi\u00f3n abierta) durante su navegaci\u00f3n en nuestro sitio.<br \/>\nNo tenemos ning\u00fan control sobre el proceso utilizado por las redes sociales para recopilar informaci\u00f3n relativa a su navegaci\u00f3n en nuestro sitio y asociada a los datos personales que poseen. Le invitamos a consultar las pol\u00edticas de protecci\u00f3n de la vida privada de estas redes sociales para saber c\u00f3mo se utiliza la informaci\u00f3n de navegaci\u00f3n que pueden recopilar a trav\u00e9s de estos botones de aplicaci\u00f3n, en particular con fines publicitarios.  <\/p>\n<p>2. Gesti\u00f3n de cookies y rastreadores<\/p>\n<ul>\n<li>En la configuraci\u00f3n de su navegador :<\/li>\n<\/ul>\n<p>Puede configurar su programa de navegaci\u00f3n para que las cookies se almacenen en su terminal o, por el contrario, para que se rechacen, ya sea sistem\u00e1ticamente o en funci\u00f3n del remitente. Tambi\u00e9n puede configurar su programa de navegaci\u00f3n para que se le ofrezca la posibilidad de aceptar o rechazar las cookies de vez en cuando, antes de que una cookie pueda almacenarse en su terminal.<br \/>\nLa gesti\u00f3n de las cookies y sus opciones con esta opci\u00f3n son diferentes para cada cookie. Se describe en el men\u00fa de ayuda de su navegador, que le indicar\u00e1 c\u00f3mo modificar sus preferencias en materia de cookies.  <\/p>\n<ul>\n<li>Ponemos a su disposici\u00f3n enlaces a p\u00e1ginas de informaci\u00f3n que le permiten configurar usted mismo su navegador:\n<ul>\n<li>Internet Explorer\u2122.<\/li>\n<li>Safari\u2122<\/li>\n<li>Cromo<\/li>\n<li>Firefox\u2122<\/li>\n<li>Opera\u2122<\/li>\n<\/ul>\n<\/li>\n<li>EFFINITY le informa de que si rechaza el almacenamiento de cookies en su terminal, o si suprime las all\u00ed almacenadas, ya no podr\u00e1 beneficiarse de una serie de funcionalidades del sitio.<\/li>\n<\/ul>\n<h3><span style=\"font-size: 20px;\">b. Datos recogidos de las personas que utilizan los servicios de EFFINITY <\/span><\/h3>\n<p>EFFINITY ofrece los siguientes servicios:<\/p>\n<ul>\n<li>Afiliaci\u00f3n: re\u00fane a anunciantes que desean realizar campa\u00f1as publicitarias y a socios (afiliados) que retransmiten estas campa\u00f1as a cambio de una remuneraci\u00f3n.<\/li>\n<li>Influencia: re\u00fane a anunciantes que quieren promocionar un producto o marca y a colaboradores (influencers) que lo promocionan utilizando diferentes m\u00e9todos: foto, v\u00eddeo, texto, art\u00edculo, etc.<\/li>\n<li>Martech (o Effinity Marketing Technologies): marca blanca y prestaci\u00f3n en modo Saas de la plataforma desarrollada por EFFINITY, que permite a los anunciantes gestionar directamente a sus afiliados.<\/li>\n<li>Social Ads: compra de espacios publicitarios en redes sociales y gesti\u00f3n de campa\u00f1as publicitarias por cuenta del anunciante, con la puesta a disposici\u00f3n de una plataforma de medici\u00f3n del rendimiento de las campa\u00f1as.<\/li>\n<\/ul>\n<p>Cuando crea una cuenta como anunciante o socio, EFFINITY recopila los siguientes datos:<\/p>\n<ul>\n<li>Nombre<\/li>\n<li>Nombre<\/li>\n<li>Nombre de la empresa<\/li>\n<li>Direcci\u00f3n web<\/li>\n<li>Direcci\u00f3n postal<\/li>\n<li>Email<\/li>\n<li>N\u00famero de tel\u00e9fono<\/li>\n<li>Siret<\/li>\n<li>N\u00famero de IVA intracomunitario<\/li>\n<li>IBAN<\/li>\n<\/ul>\n<p>EFFINITY act\u00faa entonces como responsable del tratamiento de los datos.<\/p>\n<p>Estos datos se mantendr\u00e1n confidenciales y ser\u00e1n utilizados exclusivamente por nuestra empresa.<\/p>\n<p>Estos datos se utilizan \u00fanicamente para prestar los servicios ofrecidos, con fines de prospecci\u00f3n comercial en cumplimiento de la normativa aplicable, y con fines administrativos e internos.<\/p>\n<h3><span style=\"font-size: 20px;\">c. Datos recogidos de los visitantes de los sitios web de clientes y socios de EFFINITY. <\/span><\/h3>\n<p>En el marco de los servicios de afiliaci\u00f3n, Influence y Social Ads, EFFINITY recopila, a trav\u00e9s de su Herramienta de Seguimiento, informaci\u00f3n relativa a la navegaci\u00f3n y a las acciones realizadas por los usuarios que visitan los sitios de los anunciantes o socios de EFFINITY mediante la instalaci\u00f3n de cookies.<\/p>\n<p>Esta informaci\u00f3n se recopila para controlar el rendimiento de las campa\u00f1as publicitarias y calcular la remuneraci\u00f3n que los anunciantes deben a los socios y a EFFINITY.<\/p>\n<p>En concreto, almacenamos cookies en los dispositivos de los usuarios que visitan los sitios web de los anunciantes y socios de EFFINITY.<\/p>\n<p>Estas cookies nos permiten saber qu\u00e9 socio ha remitido a un usuario a un sitio web publicitario, para que este \u00faltimo pueda captar m\u00e1s tr\u00e1fico. Medimos el \u00e9xito de estas referencias y ayudamos a pagar las comisiones debidas a los sitios web asociados. <\/p>\n<p>Las cookies tambi\u00e9n registran las transacciones comerciales realizadas en los sitios web anunciantes (inscripci\u00f3n a un bolet\u00edn informativo, solicitud de presupuesto, pedido en una tienda en l\u00ednea). La \u00fanica finalidad de estas cookies de seguimiento es atribuir la publicidad retransmitida por un afiliado a una transacci\u00f3n comercial realizada en un sitio web del anunciante, calcular las comisiones de referencia correspondientes y facturar dichas comisiones. <\/p>\n<p>En este contexto, EFFINITY s\u00f3lo trata datos personales seudonimizados (es decir, un identificador que no permite a EFFINITY identificar directamente al internauta rastreado con los datos de que dispone).<\/p>\n<p>Nuestras cookies de seguimiento se enumeran a continuaci\u00f3n.<\/p>\n<p>&nbsp;<\/p>\n<table border=\"1\" width=\"100%\">\n<tbody>\n<tr bgcolor=\"#C9C9C39\">\n<td width=\"20%\"><strong>Dominio<\/strong><\/td>\n<td width=\"20%\"><strong>Cookie<\/strong><\/td>\n<td width=\"60%\"><strong>Cookie de presentaci\u00f3n<\/strong><\/td>\n<\/tr>\n<tr>\n<td rowspan=\"2\"><strong>track.effiliation.com<\/strong><\/td>\n<\/tr>\n<tr>\n<td width=\"168\">Effi[id_annonceur]<\/p>\n<p> Fecha[id_annonceur]<\/p>\n<p> Affi[id_annonceur]<\/td>\n<td width=\"252\">Establece una cookie cuando hace clic en un anuncio. Contiene el ID de afiliado desde el que ha hecho clic. <\/p>\n<p>Por lo general, la cookie caduca a los 30 d\u00edas.<\/p>\n<p>Establece una cookie cuando se hace clic en un anuncio. Contiene la fecha del clic. <\/p>\n<p>Por lo general, la cookie caduca a los 30 d\u00edas.<\/p>\n<p>Establece una cookie cuando hace clic en un anuncio. Contiene el ID de afiliado desde el que ha hecho clic. <\/p>\n<p>Por lo general, la cookie caduca a los 30 d\u00edas.<\/td>\n<\/tr>\n<\/tbody>\n<\/table>\n<p>&nbsp;<\/p>\n<p>Para los servicios de afiliaci\u00f3n, EFFINITY, el anunciante y el socio act\u00faan como responsables conjuntos del tratamiento de datos. Los tres son destinatarios de estos datos personales. <\/p>\n<p>Los t\u00e9rminos de su acuerdo est\u00e1n disponibles en este enlace: https: <a href=\"https:\/\/storage.effinity.fr\/resources\/legal\/cgv_fr.pdf\" target=\"_blank\" rel=\"noopener\">\/\/storage.effinity.fr\/resources\/legal\/cgv_fr.pdf<\/a><\/p>\n<p>Para los servicios de Social Ads: EFFINITY y el anunciante act\u00faan como procesadores de datos conjuntos. Tienen acceso a algunos de los datos recopilados. <\/p>\n<p>Los t\u00e9rminos de su acuerdo est\u00e1n disponibles en este enlace: https: <a href=\"https:\/\/storage.effinity.fr\/resources\/legal\/cgv_fr.pdf\" target=\"_blank\" rel=\"noopener\">\/\/storage.effinity.fr\/resources\/legal\/cgv_fr.pdf<\/a><\/p>\n<p>En cualquier caso, el anunciante y el socio seguir\u00e1n siendo responsables del tratamiento de sus propios sitios web y de los datos recogidos al margen de los servicios ofrecidos por EFFINITY.<\/p>\n<h2><span style=\"font-size: 25px;\">III. Beneficiario <\/span><\/h2>\n<p>EFFINITY se reserva el derecho de transferir sus datos personales a sus filiales y\/o proveedores de servicios y\/o subcontratistas y\/o socios si ello fuera necesario para el correcto desarrollo de las operaciones o para fines de gesti\u00f3n interna y en cumplimiento de las finalidades mencionadas.<\/p>\n<p>EFFINITY tambi\u00e9n podr\u00e1 transmitir sus datos personales a las autoridades competentes para cumplir con sus obligaciones legales y reglamentarias.<\/p>\n<p>Con su consentimiento previo, estos datos tambi\u00e9n podr\u00e1n ser transferidos a socios con fines de an\u00e1lisis, encuestas y operaciones comerciales.<\/p>\n<h2><span style=\"font-size: 25px;\">IV. Marco de transparencia y consentimiento del BIA <\/span><\/h2>\n<p>Effinity es miembro registrado del Marco de Transparencia y Consentimiento 2.2 de la IAB (Vendor ID 402) y cumple con las directrices prescritas para este Marco.<\/p>\n<h2><span style=\"font-size: 25px;\">V. Transferencia fuera de la UE<\/span><\/h2>\n<p>EFFINITY debe transferir datos fuera de la Uni\u00f3n Europea en el marco de su actividad. Se han tomado medidas para garantizar la seguridad de las transferencias, mediante la firma de cl\u00e1usulas contractuales espec\u00edficas y un refuerzo del control realizado por Effinity. <\/p>\n<h2><span style=\"font-size: 25px;\">VI. Seguridad y protecci\u00f3n. <\/span><\/h2>\n<p>Aplicamos todas las medidas de seguridad necesarias para proteger a EFFINITY y a nuestros usuarios contra el acceso no autorizado o la alteraci\u00f3n, divulgaci\u00f3n o destrucci\u00f3n no autorizadas de los datos que conservamos.<\/p>\n<h2><span style=\"font-size: 25px;\">VII. Vida \u00fatil <\/span><\/h2>\n<p>EFFINITY se compromete a conservar sus datos personales durante un periodo no superior al estrictamente necesario para los fines para los que se tratan.<br \/>\nAdem\u00e1s, EFFINITY conserva sus datos personales de acuerdo con los periodos de conservaci\u00f3n impuestos por la legislaci\u00f3n vigente aplicable.<\/p>\n<h2>V<span style=\"font-size: 25px;\">III. SUS DERECHOS Sus derechos <\/span><\/h2>\n<p>Usted tiene una serie de derechos en relaci\u00f3n con sus datos personales y su tratamiento. Tiene derecho a: <\/p>\n<ul>\n<li>saber qu\u00e9 datos personales tenemos sobre usted y, en caso necesario, obtener una copia (derecho de acceso);<\/li>\n<li>exigir que corrijamos cualquier error en sus datos personales (derecho de rectificaci\u00f3n);<\/li>\n<li>exigirnos que suprimamos determinados datos en determinadas circunstancias y si no tenemos motivos para seguir trat\u00e1ndolos (derecho de supresi\u00f3n);<\/li>\n<li>solicitar que le comuniquemos sus datos personales a usted o a otro proveedor de servicios en un formato sencillo y estructurado (derecho a la portabilidad);<\/li>\n<li>oponerse en cualquier momento al tratamiento de sus datos personales con fines de mercadotecnia directa o, m\u00e1s en general, de elaboraci\u00f3n de perfiles;<\/li>\n<li>oponerse, en otras circunstancias, a que se sigan tratando sus datos personales (derecho de oposici\u00f3n);<\/li>\n<li>pedirnos que limitemos o detengamos el tratamiento de sus datos personales en determinadas circunstancias (derecho de restricci\u00f3n);<\/li>\n<li>dar instrucciones sobre el almacenamiento, la supresi\u00f3n y la comunicaci\u00f3n de sus datos personales tras su fallecimiento y elegir si comunicamos o no sus datos a un tercero designado por usted.<\/li>\n<\/ul>\n<p>En caso de fallecimiento y en ausencia de instrucciones por su parte, nos comprometemos a destruir sus datos, salvo que sea necesario conservarlos a efectos probatorios o para cumplir una obligaci\u00f3n legal.<br \/>\nPuede enviar su solicitud por escrito u obtener m\u00e1s informaci\u00f3n en la siguiente direcci\u00f3n:<\/p>\n<p><strong>EFFINITY<\/strong><br \/>\n85 rue Compans<br \/>\n75019 Par\u00eds<\/p>\n<p>o por correo electr\u00f3nico: <a href=\"mailto:contact@effinity.fr\">contact@effinity.fr<\/a><\/p>\n<p>Tambi\u00e9n puede ponerse en contacto con nuestro DPO en la siguiente direcci\u00f3n:<br \/>\nDPO EFFINITY<br \/>\n85, rue Compans<br \/>\n75019 Paris<\/p>\n<p>O por correo electr\u00f3nico: <a href=\"mailto:dpo@effinity.fr\">dpo@effinity.fr<\/a><\/p>\n<p>Se le podr\u00e1 pedir que proporcione una copia de su documento de identidad, as\u00ed como cualquier otro documento que permita a EFFINITY hacer un seguimiento de su solicitud.<\/p>\n<p>Si nos facilita una copia de su documento de identidad para acreditar su identidad, la conservaremos durante un (1) a\u00f1o si esta comunicaci\u00f3n se realiza para ejercer su derecho de oposici\u00f3n.<\/p>\n<p>Para obtener m\u00e1s informaci\u00f3n sobre sus derechos, tambi\u00e9n puede visitar el sitio web de la Commission Nationale de l&#8217;Informatique et des Libert\u00e9s, al que puede acceder en la siguiente direcci\u00f3n: https:\/\/cnil.fr.<\/p>\n<p>Si considera que no se han respetado sus derechos, puede presentar una reclamaci\u00f3n ante la Autoridad de Protecci\u00f3n de Datos competente.<\/p>\n<h2><span style=\"font-size: 25px;\">IX. Cambios <\/span><\/h2>\n<p>Nos reservamos el derecho a modificar o adaptar las disposiciones de la presente Pol\u00edtica de Confidencialidad en la medida en que sea necesario como consecuencia de la evoluci\u00f3n t\u00e9cnica o de cambios legislativos o reglamentarios.<\/p>\n","protected":false},"excerpt":{"rendered":"<p>Pol\u00edtica de privacidad I. Per\u00edmetro Los datos personales son cualquier  [&#8230;]<\/p>\n","protected":false},"author":1,"featured_media":0,"parent":0,"menu_order":7,"comment_status":"closed","ping_status":"closed","template":"","meta":{"_acf_changed":false,"_lmt_disableupdate":"","_lmt_disable":"","footnotes":""},"class_list":["post-16329","page","type-page","status-publish","hentry"],"acf":[],"_links":{"self":[{"href":"https:\/\/www.effinity.fr\/es\/wp-json\/wp\/v2\/pages\/16329","targetHints":{"allow":["GET"]}}],"collection":[{"href":"https:\/\/www.effinity.fr\/es\/wp-json\/wp\/v2\/pages"}],"about":[{"href":"https:\/\/www.effinity.fr\/es\/wp-json\/wp\/v2\/types\/page"}],"author":[{"embeddable":true,"href":"https:\/\/www.effinity.fr\/es\/wp-json\/wp\/v2\/users\/1"}],"replies":[{"embeddable":true,"href":"https:\/\/www.effinity.fr\/es\/wp-json\/wp\/v2\/comments?post=16329"}],"version-history":[{"count":0,"href":"https:\/\/www.effinity.fr\/es\/wp-json\/wp\/v2\/pages\/16329\/revisions"}],"wp:attachment":[{"href":"https:\/\/www.effinity.fr\/es\/wp-json\/wp\/v2\/media?parent=16329"}],"curies":[{"name":"wp","href":"https:\/\/api.w.org\/{rel}","templated":true}]}}