{"id":16325,"date":"2024-06-05T11:09:42","date_gmt":"2024-06-05T09:09:42","guid":{"rendered":"https:\/\/www.effinity.fr\/informacion-juridica\/"},"modified":"2025-04-26T17:49:39","modified_gmt":"2025-04-26T15:49:39","slug":"informacion-juridica","status":"publish","type":"page","link":"https:\/\/www.effinity.fr\/es\/informacion-juridica\/","title":{"rendered":"Informaci\u00f3n jur\u00eddica"},"content":{"rendered":"<div class=\"fusion-fullwidth fullwidth-box fusion-builder-row-1 fusion-flex-container has-pattern-background has-mask-background nonhundred-percent-fullwidth non-hundred-percent-height-scrolling\" style=\"--awb-border-radius-top-left:0px;--awb-border-radius-top-right:0px;--awb-border-radius-bottom-right:0px;--awb-border-radius-bottom-left:0px;--awb-flex-wrap:wrap;\" ><div class=\"fusion-builder-row fusion-row fusion-flex-align-items-flex-start fusion-flex-content-wrap\" style=\"max-width:1248px;margin-left: calc(-4% \/ 2 );margin-right: calc(-4% \/ 2 );\"><div class=\"fusion-layout-column fusion_builder_column fusion-builder-column-0 fusion_builder_column_1_1 1_1 fusion-flex-column\" style=\"--awb-bg-size:cover;--awb-width-large:100%;--awb-margin-top-large:0px;--awb-spacing-right-large:1.92%;--awb-margin-bottom-large:20px;--awb-spacing-left-large:1.92%;--awb-width-medium:100%;--awb-order-medium:0;--awb-spacing-right-medium:1.92%;--awb-spacing-left-medium:1.92%;--awb-width-small:100%;--awb-order-small:0;--awb-spacing-right-small:1.92%;--awb-spacing-left-small:1.92%;\"><div class=\"fusion-column-wrapper fusion-column-has-shadow fusion-flex-justify-content-flex-start fusion-content-layout-column\"><div class=\"fusion-title title fusion-title-1 fusion-sep-none fusion-title-text fusion-title-size-one\" style=\"--awb-margin-top-small:10px;--awb-margin-right-small:0px;--awb-margin-bottom-small:10px;--awb-margin-left-small:0px;\"><h1 class=\"fusion-title-heading title-heading-left fusion-responsive-typography-calculated\" style=\"margin:0;--fontSize:64;line-height:var(--awb-typography1-line-height);\">Informaci\u00f3n jur\u00eddica<\/h1><\/div><div class=\"fusion-text fusion-text-1\"><p>EDITOR<br \/>\nEFFINITY SAS<br \/>\nCon un capital social de 156.000 euros<br \/>\n432 831 550 R.C.S. Par\u00eds<br \/>\nN\u00famero de IVA intracomunitario: FR88 432 831 550<br \/>\nDirector de la publicaci\u00f3n: Christophe Bosquet<br \/>\nDirecci\u00f3n: 85, rue Compans &#8211; 75019 Par\u00eds<br \/>\nTel\u00e9fono: 01.40.18.54.04<br \/>\nCorreo electr\u00f3nico: contact@effinity.fr<br \/>\nInformaci\u00f3n sobre el sitio web: <a href=\"https:\/\/www.effinity.fr\/es\/\">www.effinity.fr<\/a><\/p>\n<p>HOST<br \/>\nAlojamiento: Google Cloud Platform (Google Cloud Francia)<br \/>\nDirecci\u00f3n: 8 rue de Londres &#8211; 75009 Par\u00eds, Francia<br \/>\nSitio de alojamiento: https: <a href=\"https:\/\/cloud.google.com\" target=\"_blank\" rel=\"noopener\">\/\/cloud.google.com<\/a><\/p>\n<p>CONTENIDO<br \/>\nEl contenido \u00edntegro de este sitio es propiedad exclusiva del editor.<br \/>\nCualquier representaci\u00f3n total o parcial de este sitio\/contenido, sea cual sea el procedimiento, sin la autorizaci\u00f3n previa del editor est\u00e1 prohibida y constituye una infracci\u00f3n sancionada por los art\u00edculos L.335-2 y siguientes del C\u00f3digo franc\u00e9s de la Propiedad Intelectual.<br \/>\nEl editor no se hace responsable de los enlaces salientes.<br \/>\nNo est\u00e1 permitido establecer un enlace de hipertexto hacia este sitio sin la autorizaci\u00f3n expresa del editor.<\/p>\n<\/div><\/div><\/div><\/div><\/div>\n","protected":false},"excerpt":{"rendered":"","protected":false},"author":2,"featured_media":0,"parent":0,"menu_order":6,"comment_status":"closed","ping_status":"closed","template":"100-width.php","meta":{"_acf_changed":false,"_lmt_disableupdate":"","_lmt_disable":"","footnotes":""},"class_list":["post-16325","page","type-page","status-publish","hentry"],"acf":[],"_links":{"self":[{"href":"https:\/\/www.effinity.fr\/es\/wp-json\/wp\/v2\/pages\/16325","targetHints":{"allow":["GET"]}}],"collection":[{"href":"https:\/\/www.effinity.fr\/es\/wp-json\/wp\/v2\/pages"}],"about":[{"href":"https:\/\/www.effinity.fr\/es\/wp-json\/wp\/v2\/types\/page"}],"author":[{"embeddable":true,"href":"https:\/\/www.effinity.fr\/es\/wp-json\/wp\/v2\/users\/2"}],"replies":[{"embeddable":true,"href":"https:\/\/www.effinity.fr\/es\/wp-json\/wp\/v2\/comments?post=16325"}],"version-history":[{"count":2,"href":"https:\/\/www.effinity.fr\/es\/wp-json\/wp\/v2\/pages\/16325\/revisions"}],"predecessor-version":[{"id":16327,"href":"https:\/\/www.effinity.fr\/es\/wp-json\/wp\/v2\/pages\/16325\/revisions\/16327"}],"wp:attachment":[{"href":"https:\/\/www.effinity.fr\/es\/wp-json\/wp\/v2\/media?parent=16325"}],"curies":[{"name":"wp","href":"https:\/\/api.w.org\/{rel}","templated":true}]}}